{"id":410,"date":"2019-12-19T13:19:02","date_gmt":"2019-12-19T11:19:02","guid":{"rendered":"http:\/\/madcats.fi\/?page_id=410"},"modified":"2025-11-13T13:52:03","modified_gmt":"2025-11-13T11:52:03","slug":"s-y-paradise-tekniset-tiedot","status":"publish","type":"page","link":"https:\/\/madcats.fi\/?page_id=410","title":{"rendered":"Katamaraani Paradise tekniset tiedot"},"content":{"rendered":"<p>S\/y Paradise on Lagoon 440 katamaraani, vuosimallia 2005. Aluksemme on otettu k\u00e4ytt\u00f6\u00f6n vuonna 2006.<\/p>\n<p>Paradisessa on nelj\u00e4 hytti\u00e4 sek\u00e4 kaksi miehist\u00f6n pistopunkkaa.<\/p>\n<p>Paradisesta pidet\u00e4\u00e4n hyv\u00e4\u00e4 huolta sek\u00e4 ulkoisesti ett\u00e4 sis\u00e4isesti!<\/p>\n\n\n<figure class=\"wp-block-image size-full\"><img loading=\"lazy\" decoding=\"async\" width=\"2560\" height=\"1920\" src=\"https:\/\/madcats.fi\/wp-content\/uploads\/2025\/08\/20250701_223726-scaled.jpg\" alt=\"\" class=\"wp-image-1081\" srcset=\"https:\/\/madcats.fi\/wp-content\/uploads\/2025\/08\/20250701_223726-scaled.jpg 2560w, https:\/\/madcats.fi\/wp-content\/uploads\/2025\/08\/20250701_223726-300x225.jpg 300w, https:\/\/madcats.fi\/wp-content\/uploads\/2025\/08\/20250701_223726-1024x768.jpg 1024w, https:\/\/madcats.fi\/wp-content\/uploads\/2025\/08\/20250701_223726-768x576.jpg 768w, https:\/\/madcats.fi\/wp-content\/uploads\/2025\/08\/20250701_223726-1536x1152.jpg 1536w, https:\/\/madcats.fi\/wp-content\/uploads\/2025\/08\/20250701_223726-2048x1536.jpg 2048w\" sizes=\"auto, (max-width: 767px) 89vw, (max-width: 1000px) 54vw, (max-width: 1071px) 543px, 580px\" \/><\/figure>\n\n\n<h1>Tekniset tiedot<\/h1>\n<p><strong>Pituus:<\/strong> 13,7 m<\/p>\n<p><strong>Leveys:<\/strong> 7,7 m<\/p>\n<p><strong>Korkeus merenpinnasta:<\/strong> n. 20,5 m<\/p>\n<p><strong>Syv\u00e4ys:<\/strong> 1,3 m<\/p>\n<p><strong>Paino<\/strong>: 15 tn t\u00e4ydess\u00e4 lastissa<\/p>\n<p><strong>Isopurje:<\/strong> 84,5 m2<\/p>\n<p><strong>Genoa:<\/strong> 44 m2<\/p>\n<p><strong>Moottorit:<\/strong> 2x Volvo Penta D2-75<\/p>\n<p><strong>Makeavesi:<\/strong> 900 l<\/p>\n<p><strong>Polttoaine:<\/strong> 650 l<\/p>\n<p>L\u00e4mminvesij\u00e4rjestelm\u00e4<\/p>\n<p>Generaattori 5 Kw<\/p>\n<p>Invertteri 2500 w<\/p>\n<p>Aurinkopaneeli-varaj\u00e4rjestelm\u00e4<\/p>\n<h1>Varustelu<\/h1>\n<p><strong>Keitti\u00f6:<\/strong><\/p>\n<p>S\u00e4hk\u00f6liesi, kaasu-uuni<\/p>\n<p>Mikroaaltouuni<\/p>\n<p>Astiasto 14 hengelle<\/p>\n<p>Kattavat ruuanlaittov\u00e4lineet<\/p>\n<p>Kaksi j\u00e4\u00e4kaappia<\/p>\n<p>Kahvinkeitin<\/p>\n<p>Vedenkeitin<\/p>\n<p>Termosastiat<\/p>\n<p><strong>Salonki:<\/strong><\/p>\n<p>FullHD TV<\/p>\n<p>Fusion \u00c4\u00e4nentoistoj\u00e4rjestelm\u00e4 zone-toiminnolla (my\u00f6s ulkokaiuttimet)<\/p>\n<p><strong>Pesutilat:<\/strong><\/p>\n<p>Suihkuhuone<\/p>\n<p>Kolme wc:t\u00e4<\/p>\n<p>Uimasuihku l\u00e4mpim\u00e4ll\u00e4 vedell\u00e4<\/p>\n<p><strong>Hytit<\/strong><\/p>\n<p>2x isot takahytit, Queen size paris\u00e4nky<\/p>\n<p>2x etuhytit, paris\u00e4nky<\/p>\n<p>2 miehist\u00f6punkat keulapiikeiss\u00e4<\/p>\n<p><strong>U<\/strong><strong>lkotilat<\/strong><\/p>\n<p>Katettu takaterassi isolla p\u00f6yd\u00e4ll\u00e4 ja cocktail-p\u00f6yd\u00e4ll\u00e4<\/p>\n<p>Etuterassi, verkot eli &#8221;trampoliinit&#8221;<\/p>\n<p>Katettu flybridge<\/p>\n\n\n<p><\/p>\n","protected":false},"excerpt":{"rendered":"<p>S\/y Paradise on Lagoon 440 katamaraani, vuosimallia 2005. Aluksemme on otettu k\u00e4ytt\u00f6\u00f6n vuonna 2006. Paradisessa on nelj\u00e4 hytti\u00e4 sek\u00e4 kaksi miehist\u00f6n pistopunkkaa. Paradisesta pidet\u00e4\u00e4n hyv\u00e4\u00e4 huolta sek\u00e4 ulkoisesti ett\u00e4 sis\u00e4isesti! Tekniset tiedot Pituus: 13,7 m Leveys: 7,7 m Korkeus merenpinnasta: n. 20,5 m Syv\u00e4ys: 1,3 m Paino: 15 tn t\u00e4ydess\u00e4 lastissa Isopurje: 84,5 m2 Genoa: &hellip; <\/p>\n<p class=\"link-more\"><a href=\"https:\/\/madcats.fi\/?page_id=410\" class=\"more-link\">Jatka lukemista<span class=\"screen-reader-text\"> &#8221;Katamaraani Paradise tekniset tiedot&#8221;<\/span><\/a><\/p>\n","protected":false},"author":1,"featured_media":0,"parent":0,"menu_order":0,"comment_status":"closed","ping_status":"closed","template":"","meta":{"footnotes":""},"class_list":["post-410","page","type-page","status-publish","hentry"],"_links":{"self":[{"href":"https:\/\/madcats.fi\/index.php?rest_route=\/wp\/v2\/pages\/410","targetHints":{"allow":["GET"]}}],"collection":[{"href":"https:\/\/madcats.fi\/index.php?rest_route=\/wp\/v2\/pages"}],"about":[{"href":"https:\/\/madcats.fi\/index.php?rest_route=\/wp\/v2\/types\/page"}],"author":[{"embeddable":true,"href":"https:\/\/madcats.fi\/index.php?rest_route=\/wp\/v2\/users\/1"}],"replies":[{"embeddable":true,"href":"https:\/\/madcats.fi\/index.php?rest_route=%2Fwp%2Fv2%2Fcomments&post=410"}],"version-history":[{"count":8,"href":"https:\/\/madcats.fi\/index.php?rest_route=\/wp\/v2\/pages\/410\/revisions"}],"predecessor-version":[{"id":1109,"href":"https:\/\/madcats.fi\/index.php?rest_route=\/wp\/v2\/pages\/410\/revisions\/1109"}],"wp:attachment":[{"href":"https:\/\/madcats.fi\/index.php?rest_route=%2Fwp%2Fv2%2Fmedia&parent=410"}],"curies":[{"name":"wp","href":"https:\/\/api.w.org\/{rel}","templated":true}]}}